{"id":111,"date":"2025-09-21T18:24:56","date_gmt":"2025-09-21T16:24:56","guid":{"rendered":"https:\/\/monserveur.sytes.net\/jeudi\/?page_id=111"},"modified":"2026-01-03T15:43:32","modified_gmt":"2026-01-03T14:43:32","slug":"windows","status":"publish","type":"page","link":"https:\/\/monserveur.sytes.net\/jeudi\/index.php\/windows\/","title":{"rendered":"Windows"},"content":{"rendered":"\n<figure class=\"wp-block-image size-medium is-resized\"><img loading=\"lazy\" decoding=\"async\" width=\"300\" height=\"278\" src=\"https:\/\/monserveur.sytes.net\/jeudi\/wp-content\/uploads\/2025\/09\/Pc-300x278.webp\" alt=\"Pc\" class=\"wp-image-112\" style=\"width:100px;height:auto\" srcset=\"https:\/\/monserveur.sytes.net\/jeudi\/wp-content\/uploads\/2025\/09\/Pc-300x278.webp 300w, https:\/\/monserveur.sytes.net\/jeudi\/wp-content\/uploads\/2025\/09\/Pc-1024x950.webp 1024w, https:\/\/monserveur.sytes.net\/jeudi\/wp-content\/uploads\/2025\/09\/Pc-768x712.webp 768w, https:\/\/monserveur.sytes.net\/jeudi\/wp-content\/uploads\/2025\/09\/Pc-437x405.webp 437w, https:\/\/monserveur.sytes.net\/jeudi\/wp-content\/uploads\/2025\/09\/Pc-624x579.webp 624w, https:\/\/monserveur.sytes.net\/jeudi\/wp-content\/uploads\/2025\/09\/Pc.webp 1280w\" sizes=\"auto, (max-width: 300px) 100vw, 300px\" \/><\/figure>\n\n\n\n<p><a href=\"https:\/\/monserveur.sytes.net\/jeudi\/index.php\/2025\/11\/03\/vider-cache-de-mise-a-jour-windows\/\" data-type=\"post\" data-id=\"144\"><strong>Vider cache de mise \u00e0 jour Windows<\/strong><\/a><br><a href=\"https:\/\/monserveur.sytes.net\/jeudi\/index.php\/2026\/01\/03\/windows-10-apres-2025\/\" data-type=\"post\" data-id=\"266\"><strong>Windows 10 apr\u00e8s 2025<\/strong><\/a><br><a href=\"https:\/\/monserveur.sytes.net\/jeudi\/index.php\/2025\/11\/16\/microsoft-resout-le-bug-dinscription-au-programme-esu\/\" data-type=\"post\" data-id=\"180\"><strong>Microsoft r\u00e9sout le bug d\u2019inscription au programme ESU<\/strong><\/a><br><a href=\"https:\/\/monserveur.sytes.net\/jeudi\/index.php\/2025\/11\/29\/cloner-un-disque-dur\/\" data-type=\"post\" data-id=\"227\"><strong>Cloner un disque dur<\/strong><\/a><br><a href=\"https:\/\/monserveur.sytes.net\/jeudi\/index.php\/2025\/12\/08\/recuperer-votre-cle-windows\/\" data-type=\"post\" data-id=\"242\"><strong>R\u00e9cup\u00e9rer votre cl\u00e9 Windows<\/strong><\/a><\/p>\n\n\n\n<p><\/p>\n","protected":false},"excerpt":{"rendered":"<p>Vider cache de mise \u00e0 jour WindowsWindows 10 apr\u00e8s 2025Microsoft r\u00e9sout le bug d\u2019inscription au programme ESUCloner un disque durR\u00e9cup\u00e9rer votre cl\u00e9 Windows<\/p>\n","protected":false},"author":1,"featured_media":0,"parent":0,"menu_order":0,"comment_status":"closed","ping_status":"closed","template":"","meta":{"remove_blocks_before_content":false,"remove_blocks_after_content":false,"disable_reading_progress_bar":false,"_eb_attr":"","footnotes":""},"class_list":["post-111","page","type-page","status-publish","hentry"],"_links":{"self":[{"href":"https:\/\/monserveur.sytes.net\/jeudi\/index.php\/wp-json\/wp\/v2\/pages\/111","targetHints":{"allow":["GET"]}}],"collection":[{"href":"https:\/\/monserveur.sytes.net\/jeudi\/index.php\/wp-json\/wp\/v2\/pages"}],"about":[{"href":"https:\/\/monserveur.sytes.net\/jeudi\/index.php\/wp-json\/wp\/v2\/types\/page"}],"author":[{"embeddable":true,"href":"https:\/\/monserveur.sytes.net\/jeudi\/index.php\/wp-json\/wp\/v2\/users\/1"}],"replies":[{"embeddable":true,"href":"https:\/\/monserveur.sytes.net\/jeudi\/index.php\/wp-json\/wp\/v2\/comments?post=111"}],"version-history":[{"count":6,"href":"https:\/\/monserveur.sytes.net\/jeudi\/index.php\/wp-json\/wp\/v2\/pages\/111\/revisions"}],"predecessor-version":[{"id":271,"href":"https:\/\/monserveur.sytes.net\/jeudi\/index.php\/wp-json\/wp\/v2\/pages\/111\/revisions\/271"}],"wp:attachment":[{"href":"https:\/\/monserveur.sytes.net\/jeudi\/index.php\/wp-json\/wp\/v2\/media?parent=111"}],"curies":[{"name":"wp","href":"https:\/\/api.w.org\/{rel}","templated":true}]}}