{"id":16,"date":"2025-09-12T16:32:56","date_gmt":"2025-09-12T14:32:56","guid":{"rendered":"https:\/\/monserveur.sytes.net\/jeudi\/?page_id=16"},"modified":"2026-01-27T14:52:05","modified_gmt":"2026-01-27T13:52:05","slug":"informations","status":"publish","type":"page","link":"https:\/\/monserveur.sytes.net\/jeudi\/index.php\/informations\/","title":{"rendered":"Informations"},"content":{"rendered":"\n<figure class=\"wp-block-image size-medium is-resized\"><img loading=\"lazy\" decoding=\"async\" width=\"253\" height=\"300\" src=\"https:\/\/monserveur.sytes.net\/jeudi\/wp-content\/uploads\/2025\/09\/informations-1-253x300.webp\" alt=\"Informations 1\" class=\"wp-image-115\" style=\"width:72px;height:auto\" srcset=\"https:\/\/monserveur.sytes.net\/jeudi\/wp-content\/uploads\/2025\/09\/informations-1-253x300.webp 253w, https:\/\/monserveur.sytes.net\/jeudi\/wp-content\/uploads\/2025\/09\/informations-1-863x1024.webp 863w, https:\/\/monserveur.sytes.net\/jeudi\/wp-content\/uploads\/2025\/09\/informations-1-768x911.webp 768w, https:\/\/monserveur.sytes.net\/jeudi\/wp-content\/uploads\/2025\/09\/informations-1-341x405.webp 341w, https:\/\/monserveur.sytes.net\/jeudi\/wp-content\/uploads\/2025\/09\/informations-1-624x740.webp 624w, https:\/\/monserveur.sytes.net\/jeudi\/wp-content\/uploads\/2025\/09\/informations-1.webp 1079w\" sizes=\"auto, (max-width: 253px) 100vw, 253px\" \/><\/figure>\n\n\n\n<figure class=\"wp-block-table is-style-eccp-stripes\"><table class=\"has-fixed-layout\"><tbody><tr><td><a href=\"https:\/\/monserveur.sytes.net\/jeudi\/index.php\/2025\/11\/03\/fonction-peu-connue-de-whatsapp\/\" data-type=\"post\" data-id=\"158\"><strong>Fonction peu connue de WhatsApp<\/strong><\/a><\/td><td><a href=\"https:\/\/monserveur.sytes.net\/jeudi\/index.php\/2025\/11\/19\/localisation\/\" data-type=\"post\" data-id=\"199\"><strong>Localisation<\/strong><\/a><\/td><td><a href=\"https:\/\/monserveur.sytes.net\/jeudi\/index.php\/2025\/11\/19\/codes-secrets-android\/\" data-type=\"post\" data-id=\"207\"><strong>Codes secrets Android<\/strong><\/a><\/td><td><a href=\"https:\/\/monserveur.sytes.net\/jeudi\/index.php\/2025\/11\/26\/de-faux-sites-dinfos-regionales\/\" data-type=\"post\" data-id=\"221\"><strong>De faux sites d\u2019infos r\u00e9gionales<\/strong><\/a><\/td><\/tr><tr><td><a href=\"https:\/\/monserveur.sytes.net\/jeudi\/index.php\/2025\/12\/03\/les-systemes-dexploitation\/\" data-type=\"post\" data-id=\"235\"><strong>Les Syst\u00e8mes d\u2019Exploitation<\/strong><\/a><\/td><td><a href=\"https:\/\/monserveur.sytes.net\/jeudi\/index.php\/2025\/12\/15\/bonne-ou-mauvaise-nouvelle\/\" data-type=\"post\" data-id=\"251\"><strong>Bonne ou mauvaise nouvelle<\/strong><\/a><\/td><td><a href=\"https:\/\/monserveur.sytes.net\/jeudi\/index.php\/2026\/01\/27\/donnees-personnelles\/\" data-type=\"post\" data-id=\"299\"><strong>Donn\u00e9es personnelles<\/strong><\/a><\/td><td><\/td><\/tr><\/tbody><\/table><\/figure>\n\n\n<ul class=\"wp-block-categories-list wp-block-categories\">\t<li class=\"cat-item cat-item-17\"><a href=\"https:\/\/monserveur.sytes.net\/jeudi\/index.php\/category\/cache\/\">Cache<\/a> (1)\n<\/li>\n\t<li class=\"cat-item cat-item-18\"><a href=\"https:\/\/monserveur.sytes.net\/jeudi\/index.php\/category\/facebook\/\">Facebook<\/a> (1)\n<\/li>\n\t<li class=\"cat-item cat-item-3\"><a href=\"https:\/\/monserveur.sytes.net\/jeudi\/index.php\/category\/fraudes\/\">Fraudes<\/a> (1)\n<\/li>\n\t<li class=\"cat-item cat-item-10\"><a href=\"https:\/\/monserveur.sytes.net\/jeudi\/index.php\/category\/google\/\">Google<\/a> (2)\n<\/li>\n\t<li class=\"cat-item cat-item-4\"><a href=\"https:\/\/monserveur.sytes.net\/jeudi\/index.php\/category\/ia\/\">IA<\/a> (5)\n<\/li>\n\t<li class=\"cat-item cat-item-5\"><a href=\"https:\/\/monserveur.sytes.net\/jeudi\/index.php\/category\/informations\/\">Informations<\/a> (17)\n<\/li>\n\t<li class=\"cat-item cat-item-9\"><a href=\"https:\/\/monserveur.sytes.net\/jeudi\/index.php\/category\/securite\/\">S\u00e9curit\u00e9<\/a> (1)\n<\/li>\n\t<li class=\"cat-item cat-item-8\"><a href=\"https:\/\/monserveur.sytes.net\/jeudi\/index.php\/category\/smartphones\/\">Smartphones<\/a> (24)\n<\/li>\n\t<li class=\"cat-item cat-item-7\"><a href=\"https:\/\/monserveur.sytes.net\/jeudi\/index.php\/category\/whatsapp\/\">WhatsApp<\/a> (3)\n<\/li>\n\t<li class=\"cat-item cat-item-16\"><a href=\"https:\/\/monserveur.sytes.net\/jeudi\/index.php\/category\/windows\/\">Windows<\/a> (5)\n<\/li>\n<\/ul>\n\n\n<p><strong><span style=\"text-decoration: underline;\" class=\"is-style-eccp-single-underline\">Fichiers \u00e0 t\u00e9l\u00e9charger<\/span><\/strong><\/p>\n\n\n\n<div class=\"wp-block-file\"><a id=\"wp-block-file--media-fe100dfb-7369-4465-ad22-6d9c8397db07\" href=\"https:\/\/monserveur.sytes.net\/jeudi\/wp-content\/uploads\/2025\/09\/visionneuse-powerpoint_2010_fr_10781.zip\">visionneuse-powerpoint_2010_fr_10781<\/a><a href=\"https:\/\/monserveur.sytes.net\/jeudi\/wp-content\/uploads\/2025\/09\/visionneuse-powerpoint_2010_fr_10781.zip\" class=\"wp-block-file__button wp-element-button\" download aria-describedby=\"wp-block-file--media-fe100dfb-7369-4465-ad22-6d9c8397db07\">T\u00e9l\u00e9charger<\/a><\/div>\n\n\n\n<p><\/p>\n","protected":false},"excerpt":{"rendered":"<p>Fonction peu connue de  Localisation Codes secrets Android De faux sites d\u2019infos r\u00e9gionales Les Syst\u00e8mes d\u2019Exploitation Bonne ou mauvaise nouvelle Donn\u00e9es personnelles Fichiers \u00e0 t\u00e9l\u00e9charger<\/p>\n","protected":false},"author":1,"featured_media":0,"parent":0,"menu_order":0,"comment_status":"closed","ping_status":"closed","template":"","meta":{"remove_blocks_before_content":false,"remove_blocks_after_content":false,"disable_reading_progress_bar":false,"_eb_attr":"","footnotes":""},"class_list":["post-16","page","type-page","status-publish","hentry"],"_links":{"self":[{"href":"https:\/\/monserveur.sytes.net\/jeudi\/index.php\/wp-json\/wp\/v2\/pages\/16","targetHints":{"allow":["GET"]}}],"collection":[{"href":"https:\/\/monserveur.sytes.net\/jeudi\/index.php\/wp-json\/wp\/v2\/pages"}],"about":[{"href":"https:\/\/monserveur.sytes.net\/jeudi\/index.php\/wp-json\/wp\/v2\/types\/page"}],"author":[{"embeddable":true,"href":"https:\/\/monserveur.sytes.net\/jeudi\/index.php\/wp-json\/wp\/v2\/users\/1"}],"replies":[{"embeddable":true,"href":"https:\/\/monserveur.sytes.net\/jeudi\/index.php\/wp-json\/wp\/v2\/comments?post=16"}],"version-history":[{"count":13,"href":"https:\/\/monserveur.sytes.net\/jeudi\/index.php\/wp-json\/wp\/v2\/pages\/16\/revisions"}],"predecessor-version":[{"id":302,"href":"https:\/\/monserveur.sytes.net\/jeudi\/index.php\/wp-json\/wp\/v2\/pages\/16\/revisions\/302"}],"wp:attachment":[{"href":"https:\/\/monserveur.sytes.net\/jeudi\/index.php\/wp-json\/wp\/v2\/media?parent=16"}],"curies":[{"name":"wp","href":"https:\/\/api.w.org\/{rel}","templated":true}]}}