{"id":164,"date":"2025-11-12T17:16:38","date_gmt":"2025-11-12T16:16:38","guid":{"rendered":"https:\/\/monserveur.sytes.net\/jeudi\/?page_id=164"},"modified":"2025-11-17T17:34:09","modified_gmt":"2025-11-17T16:34:09","slug":"13_11_2025","status":"publish","type":"page","link":"https:\/\/monserveur.sytes.net\/jeudi\/index.php\/13_11_2025\/","title":{"rendered":"13-11-2025"},"content":{"rendered":"\n<p data-aos-anchor-placement=\"top-bottom\" data-aos-delay=\"2000\" data-aos-duration=\"2000\" data-aos-easing=\"ease\" data-aos-offset=\"120\" data-aos=\"roll-in\" class=\"is-style-eccp-notice-info is-style-eccp-notice-info\" style=\"font-size:clamp(14px, 0.875rem + ((1vw - 3.2px) * 0.078), 15px);\">13 novembre 1002 : Le massacre de la <em>Saint Brice<\/em><br>13 novembre 1160 : Louis VII le Jeune \u00e9pouse Ad\u00e8le de Champagne<br>13 novembre 1332 : Lucerne s&rsquo;allie aux cantons paysans<br>13 novembre 1907 : Premier vol en h\u00e9licopt\u00e8re<br>13 novembre 2015 : Paris meurtri par des attaques islamistes<\/p>\n\n\n\n<p><a href=\"https:\/\/monserveur.sytes.net\/jeudi\/index.php\/2025\/11\/03\/vider-cache-de-mise-a-jour-windows\/\" data-type=\"post\" data-id=\"144\"><strong>Vider cache de mise \u00e0 jour  Windows<\/strong><\/a><br><a href=\"https:\/\/monserveur.sytes.net\/jeudi\/index.php\/2025\/11\/03\/fonction-de-facebook-avec-lia\/\" data-type=\"post\" data-id=\"151\"><strong>Fonction de Facebook avec l\u2019IA<\/strong><\/a><br><a href=\"https:\/\/monserveur.sytes.net\/jeudi\/index.php\/2025\/11\/03\/fonction-peu-connue-de-whatsapp\/\" data-type=\"post\" data-id=\"158\"><strong>Fonction peu connue de WhatsApp<\/strong><\/a><br><a href=\"https:\/\/monserveur.sytes.net\/jeudi\/index.php\/2025\/11\/16\/microsoft-resout-le-bug-dinscription-au-programme-esu\/\" data-type=\"post\" data-id=\"180\"><strong>Microsoft r\u00e9sout le bug d\u2019inscription au programme ESU<\/strong><\/a><\/p>\n\n\n\n<p><\/p>\n","protected":false},"excerpt":{"rendered":"<p>13 novembre 1002 : Le massacre de la Saint Brice13 novembre 1160 : Louis VII le Jeune \u00e9pouse Ad\u00e8le de Champagne13 novembre 1332 : Lucerne s&rsquo;allie aux cantons paysans13 novembre 1907 : Premier vol en h\u00e9licopt\u00e8re13 novembre 2015 : Paris meurtri par des attaques islamistes Vider cache de mise \u00e0 jour WindowsFonction de Facebook avec[\u2026]<\/p>\n","protected":false},"author":1,"featured_media":0,"parent":0,"menu_order":0,"comment_status":"closed","ping_status":"closed","template":"","meta":{"remove_blocks_before_content":false,"remove_blocks_after_content":false,"disable_reading_progress_bar":false,"_eb_attr":"","footnotes":""},"class_list":["post-164","page","type-page","status-publish","hentry"],"_links":{"self":[{"href":"https:\/\/monserveur.sytes.net\/jeudi\/index.php\/wp-json\/wp\/v2\/pages\/164","targetHints":{"allow":["GET"]}}],"collection":[{"href":"https:\/\/monserveur.sytes.net\/jeudi\/index.php\/wp-json\/wp\/v2\/pages"}],"about":[{"href":"https:\/\/monserveur.sytes.net\/jeudi\/index.php\/wp-json\/wp\/v2\/types\/page"}],"author":[{"embeddable":true,"href":"https:\/\/monserveur.sytes.net\/jeudi\/index.php\/wp-json\/wp\/v2\/users\/1"}],"replies":[{"embeddable":true,"href":"https:\/\/monserveur.sytes.net\/jeudi\/index.php\/wp-json\/wp\/v2\/comments?post=164"}],"version-history":[{"count":9,"href":"https:\/\/monserveur.sytes.net\/jeudi\/index.php\/wp-json\/wp\/v2\/pages\/164\/revisions"}],"predecessor-version":[{"id":195,"href":"https:\/\/monserveur.sytes.net\/jeudi\/index.php\/wp-json\/wp\/v2\/pages\/164\/revisions\/195"}],"wp:attachment":[{"href":"https:\/\/monserveur.sytes.net\/jeudi\/index.php\/wp-json\/wp\/v2\/media?parent=164"}],"curies":[{"name":"wp","href":"https:\/\/api.w.org\/{rel}","templated":true}]}}