{"id":173,"date":"2025-11-12T21:19:22","date_gmt":"2025-11-12T20:19:22","guid":{"rendered":"https:\/\/monserveur.sytes.net\/jeudi\/?page_id=173"},"modified":"2025-11-26T16:24:38","modified_gmt":"2025-11-26T15:24:38","slug":"20_11_2025","status":"publish","type":"page","link":"https:\/\/monserveur.sytes.net\/jeudi\/index.php\/20_11_2025\/","title":{"rendered":"20-11-2025"},"content":{"rendered":"\n<p data-aos-anchor-placement=\"top-bottom\" data-aos-delay=\"2000\" data-aos-duration=\"2000\" data-aos-easing=\"ease\" data-aos-offset=\"120\" data-aos=\"roll-in\" class=\"is-style-eccp-notice-info\" style=\"font-size:clamp(14px, 0.875rem + ((1vw - 3.2px) * 0.078), 15px);\">20 novembre 284 : Diocl\u00e9tien empereur<br>20 novembre 1695 : Mort de Zumbi dos Palmares au Pernambouc<br>20 novembre 1815 : Trait\u00e9 de Paris et fin de l&rsquo;Empire<br>20 novembre 1873 : Naissance du septennat en catimini<br>20 novembre 1910 : D\u00e9but de la R\u00e9volution mexicaine<br>20 novembre 1936 : Meurtre de Jos\u00e9 Antonio Primo de Rivera<br>20 novembre 1947 : La future \u00c9lisabeth II se marie<br>20 novembre 1975 : Mort de Franco<br>20 novembre 1979 : Prise de la Grande Mosqu\u00e9e de La Mecque<\/p>\n\n\n\n<p><a href=\"https:\/\/monserveur.sytes.net\/jeudi\/index.php\/2025\/09\/17\/87\/\" data-type=\"post\" data-id=\"87\"><strong>Comment exporter vos fichiers Google Drive<\/strong><\/a><br><a href=\"https:\/\/monserveur.sytes.net\/jeudi\/index.php\/2025\/11\/17\/code-puk\/\" data-type=\"post\" data-id=\"184\"><strong>Code PUK<\/strong><\/a><br><\/p>\n\n\n\n<p><\/p>\n","protected":false},"excerpt":{"rendered":"<p>20 novembre 284 : Diocl\u00e9tien empereur20 novembre 1695 : Mort de Zumbi dos Palmares au Pernambouc20 novembre 1815 : Trait\u00e9 de Paris et fin de l&rsquo;Empire20 novembre 1873 : Naissance du septennat en catimini20 novembre 1910 : D\u00e9but de la R\u00e9volution mexicaine20 novembre 1936 : Meurtre de Jos\u00e9 Antonio Primo de Rivera20 novembre 1947 :[\u2026]<\/p>\n","protected":false},"author":1,"featured_media":0,"parent":0,"menu_order":0,"comment_status":"closed","ping_status":"closed","template":"","meta":{"remove_blocks_before_content":false,"remove_blocks_after_content":false,"disable_reading_progress_bar":false,"_eb_attr":"","footnotes":""},"class_list":["post-173","page","type-page","status-publish","hentry"],"_links":{"self":[{"href":"https:\/\/monserveur.sytes.net\/jeudi\/index.php\/wp-json\/wp\/v2\/pages\/173","targetHints":{"allow":["GET"]}}],"collection":[{"href":"https:\/\/monserveur.sytes.net\/jeudi\/index.php\/wp-json\/wp\/v2\/pages"}],"about":[{"href":"https:\/\/monserveur.sytes.net\/jeudi\/index.php\/wp-json\/wp\/v2\/types\/page"}],"author":[{"embeddable":true,"href":"https:\/\/monserveur.sytes.net\/jeudi\/index.php\/wp-json\/wp\/v2\/users\/1"}],"replies":[{"embeddable":true,"href":"https:\/\/monserveur.sytes.net\/jeudi\/index.php\/wp-json\/wp\/v2\/comments?post=173"}],"version-history":[{"count":6,"href":"https:\/\/monserveur.sytes.net\/jeudi\/index.php\/wp-json\/wp\/v2\/pages\/173\/revisions"}],"predecessor-version":[{"id":218,"href":"https:\/\/monserveur.sytes.net\/jeudi\/index.php\/wp-json\/wp\/v2\/pages\/173\/revisions\/218"}],"wp:attachment":[{"href":"https:\/\/monserveur.sytes.net\/jeudi\/index.php\/wp-json\/wp\/v2\/media?parent=173"}],"curies":[{"name":"wp","href":"https:\/\/api.w.org\/{rel}","templated":true}]}}