{"id":212,"date":"2025-11-19T18:41:01","date_gmt":"2025-11-19T17:41:01","guid":{"rendered":"https:\/\/monserveur.sytes.net\/jeudi\/?page_id=212"},"modified":"2025-11-26T17:31:40","modified_gmt":"2025-11-26T16:31:40","slug":"27-11-2025","status":"publish","type":"page","link":"https:\/\/monserveur.sytes.net\/jeudi\/index.php\/27-11-2025\/","title":{"rendered":"27-11-2025"},"content":{"rendered":"\n<p data-aos-anchor-placement=\"top-bottom\" data-aos-delay=\"1000\" data-aos-duration=\"1500\" data-aos-easing=\"ease\" data-aos-offset=\"120\" data-aos=\"roll-in\" class=\"is-style-eccp-notice-info\">27 novembre 511 : Clovis partage son royaume entre ses fils<br>27 novembre 1095 : Urbain II pr\u00eache la croisade<br>27 novembre 1919 : Trait\u00e9 de Neuilly avec la Bulgarie<br>27 novembre 1942 : La flotte fran\u00e7aise se saborde \u00e0 Toulon<\/p>\n\n\n\n<p><a href=\"https:\/\/monserveur.sytes.net\/jeudi\/index.php\/2025\/11\/26\/de-faux-sites-dinfos-regionales\/\" data-type=\"post\" data-id=\"221\"><strong>De faux sites d\u2019infos r\u00e9gionales<\/strong><\/a><br><a href=\"https:\/\/monserveur.sytes.net\/jeudi\/index.php\/2025\/11\/19\/codes-secrets-android\/\" data-type=\"post\" data-id=\"207\"><strong>Codes secrets Android<\/strong><\/a><br><a href=\"https:\/\/monserveur.sytes.net\/jeudi\/index.php\/2025\/11\/17\/fin-de-la-2g-3g\/\" data-type=\"post\" data-id=\"188\"><strong>Fin de la 2G\/3G<\/strong><\/a><br><a href=\"https:\/\/monserveur.sytes.net\/jeudi\/index.php\/2025\/11\/19\/localisation\/\" data-type=\"post\" data-id=\"199\"><strong>Localisation<\/strong><\/a><\/p>\n\n\n\n<p><\/p>\n","protected":false},"excerpt":{"rendered":"<p>27 novembre 511 : Clovis partage son royaume entre ses fils27 novembre 1095 : Urbain II pr\u00eache la croisade27 novembre 1919 : Trait\u00e9 de Neuilly avec la Bulgarie27 novembre 1942 : La flotte fran\u00e7aise se saborde \u00e0 Toulon De faux sites d\u2019infos r\u00e9gionalesCodes secrets AndroidFin de la 2G\/3GLocalisation<\/p>\n","protected":false},"author":1,"featured_media":0,"parent":0,"menu_order":0,"comment_status":"closed","ping_status":"closed","template":"","meta":{"remove_blocks_before_content":false,"remove_blocks_after_content":false,"disable_reading_progress_bar":false,"_eb_attr":"","footnotes":""},"class_list":["post-212","page","type-page","status-publish","hentry"],"_links":{"self":[{"href":"https:\/\/monserveur.sytes.net\/jeudi\/index.php\/wp-json\/wp\/v2\/pages\/212","targetHints":{"allow":["GET"]}}],"collection":[{"href":"https:\/\/monserveur.sytes.net\/jeudi\/index.php\/wp-json\/wp\/v2\/pages"}],"about":[{"href":"https:\/\/monserveur.sytes.net\/jeudi\/index.php\/wp-json\/wp\/v2\/types\/page"}],"author":[{"embeddable":true,"href":"https:\/\/monserveur.sytes.net\/jeudi\/index.php\/wp-json\/wp\/v2\/users\/1"}],"replies":[{"embeddable":true,"href":"https:\/\/monserveur.sytes.net\/jeudi\/index.php\/wp-json\/wp\/v2\/comments?post=212"}],"version-history":[{"count":3,"href":"https:\/\/monserveur.sytes.net\/jeudi\/index.php\/wp-json\/wp\/v2\/pages\/212\/revisions"}],"predecessor-version":[{"id":224,"href":"https:\/\/monserveur.sytes.net\/jeudi\/index.php\/wp-json\/wp\/v2\/pages\/212\/revisions\/224"}],"wp:attachment":[{"href":"https:\/\/monserveur.sytes.net\/jeudi\/index.php\/wp-json\/wp\/v2\/media?parent=212"}],"curies":[{"name":"wp","href":"https:\/\/api.w.org\/{rel}","templated":true}]}}