{"id":225,"date":"2025-11-29T22:26:55","date_gmt":"2025-11-29T21:26:55","guid":{"rendered":"https:\/\/monserveur.sytes.net\/jeudi\/?page_id=225"},"modified":"2025-12-03T17:26:41","modified_gmt":"2025-12-03T16:26:41","slug":"04-12-2025","status":"publish","type":"page","link":"https:\/\/monserveur.sytes.net\/jeudi\/index.php\/04-12-2025\/","title":{"rendered":"04-12-2025"},"content":{"rendered":"\n<p data-aos-anchor-placement=\"top-bottom\" data-aos-delay=\"500\" data-aos-duration=\"1500\" data-aos-easing=\"ease\" data-aos-offset=\"120\" data-aos=\"roll-in\" class=\"is-style-eccp-notice-info\">4 d\u00e9cembre 1259 : Saint Louis signe la paix avec l&rsquo;Angleterre<br>4 d\u00e9cembre 1290 : Mort d&rsquo;Ali\u00e9nor de Castille<br>4 d\u00e9cembre 1987 : Lancement du T\u00e9l\u00e9thon en France<\/p>\n\n\n\n<p><a href=\"https:\/\/monserveur.sytes.net\/jeudi\/index.php\/2025\/12\/03\/les-systemes-dexploitation\/\" data-type=\"post\" data-id=\"235\"><strong>Les Syst\u00e8mes d\u2019Exploitation<\/strong><\/a><br><a href=\"https:\/\/monserveur.sytes.net\/jeudi\/index.php\/2025\/11\/29\/cloner-un-disque-dur\/\" data-type=\"post\" data-id=\"227\"><strong>Cloner un disque dur<\/strong><\/a><\/p>\n\n\n\n<p><\/p>\n","protected":false},"excerpt":{"rendered":"<p>4 d\u00e9cembre 1259 : Saint Louis signe la paix avec l&rsquo;Angleterre4 d\u00e9cembre 1290 : Mort d&rsquo;Ali\u00e9nor de Castille4 d\u00e9cembre 1987 : Lancement du T\u00e9l\u00e9thon en France Les Syst\u00e8mes d\u2019ExploitationCloner un disque dur<\/p>\n","protected":false},"author":1,"featured_media":0,"parent":0,"menu_order":0,"comment_status":"closed","ping_status":"closed","template":"","meta":{"remove_blocks_before_content":false,"remove_blocks_after_content":false,"disable_reading_progress_bar":false,"_eb_attr":"","footnotes":""},"class_list":["post-225","page","type-page","status-publish","hentry"],"_links":{"self":[{"href":"https:\/\/monserveur.sytes.net\/jeudi\/index.php\/wp-json\/wp\/v2\/pages\/225","targetHints":{"allow":["GET"]}}],"collection":[{"href":"https:\/\/monserveur.sytes.net\/jeudi\/index.php\/wp-json\/wp\/v2\/pages"}],"about":[{"href":"https:\/\/monserveur.sytes.net\/jeudi\/index.php\/wp-json\/wp\/v2\/types\/page"}],"author":[{"embeddable":true,"href":"https:\/\/monserveur.sytes.net\/jeudi\/index.php\/wp-json\/wp\/v2\/users\/1"}],"replies":[{"embeddable":true,"href":"https:\/\/monserveur.sytes.net\/jeudi\/index.php\/wp-json\/wp\/v2\/comments?post=225"}],"version-history":[{"count":4,"href":"https:\/\/monserveur.sytes.net\/jeudi\/index.php\/wp-json\/wp\/v2\/pages\/225\/revisions"}],"predecessor-version":[{"id":240,"href":"https:\/\/monserveur.sytes.net\/jeudi\/index.php\/wp-json\/wp\/v2\/pages\/225\/revisions\/240"}],"wp:attachment":[{"href":"https:\/\/monserveur.sytes.net\/jeudi\/index.php\/wp-json\/wp\/v2\/media?parent=225"}],"curies":[{"name":"wp","href":"https:\/\/api.w.org\/{rel}","templated":true}]}}