{"id":244,"date":"2025-12-08T18:48:30","date_gmt":"2025-12-08T17:48:30","guid":{"rendered":"https:\/\/monserveur.sytes.net\/jeudi\/?page_id=244"},"modified":"2025-12-11T09:28:05","modified_gmt":"2025-12-11T08:28:05","slug":"11-12-2025","status":"publish","type":"page","link":"https:\/\/monserveur.sytes.net\/jeudi\/index.php\/11-12-2025\/","title":{"rendered":"11-12-2025"},"content":{"rendered":"\n<p data-aos-anchor-placement=\"top-bottom\" data-aos-delay=\"0\" data-aos-duration=\"1500\" data-aos-easing=\"ease\" data-aos-offset=\"120\" data-aos=\"roll-in\" class=\"is-style-eccp-notice-info\">11 d\u00e9cembre 969 : Jean Tzimisc\u00e8s tue l&#8217;empereur de Byzance et prend sa place<br>11 d\u00e9cembre 1518 : Zwingli, un Suisse rival de Luther<br>11 d\u00e9cembre 1792 : Louis XVI devant la Convention<br>11 d\u00e9cembre 2011 : La Chine fait son entr\u00e9e \u00e0 l&rsquo;OMC (Organisation mondiale du commerce)<\/p>\n\n\n\n<p><a href=\"https:\/\/monserveur.sytes.net\/jeudi\/index.php\/2025\/12\/08\/recuperer-votre-cle-windows\/\" data-type=\"post\" data-id=\"242\"><strong>R\u00e9cup\u00e9rer votre cl\u00e9 Windows<\/strong><\/a><br><a href=\"https:\/\/monserveur.sytes.net\/jeudi\/index.php\/2025\/11\/29\/cloner-un-disque-dur\/\" data-type=\"post\" data-id=\"227\"><strong>Cloner un disque dur<\/strong><\/a><\/p>\n\n\n\n<p><\/p>\n","protected":false},"excerpt":{"rendered":"<p>11 d\u00e9cembre 969 : Jean Tzimisc\u00e8s tue l&#8217;empereur de Byzance et prend sa place11 d\u00e9cembre 1518 : Zwingli, un Suisse rival de Luther11 d\u00e9cembre 1792 : Louis XVI devant la Convention11 d\u00e9cembre 2011 : La Chine fait son entr\u00e9e \u00e0 l&rsquo;OMC (Organisation mondiale du commerce) R\u00e9cup\u00e9rer votre cl\u00e9 WindowsCloner un disque dur<\/p>\n","protected":false},"author":1,"featured_media":0,"parent":0,"menu_order":0,"comment_status":"closed","ping_status":"closed","template":"","meta":{"remove_blocks_before_content":false,"remove_blocks_after_content":false,"disable_reading_progress_bar":false,"_eb_attr":"","footnotes":""},"class_list":["post-244","page","type-page","status-publish","hentry"],"_links":{"self":[{"href":"https:\/\/monserveur.sytes.net\/jeudi\/index.php\/wp-json\/wp\/v2\/pages\/244","targetHints":{"allow":["GET"]}}],"collection":[{"href":"https:\/\/monserveur.sytes.net\/jeudi\/index.php\/wp-json\/wp\/v2\/pages"}],"about":[{"href":"https:\/\/monserveur.sytes.net\/jeudi\/index.php\/wp-json\/wp\/v2\/types\/page"}],"author":[{"embeddable":true,"href":"https:\/\/monserveur.sytes.net\/jeudi\/index.php\/wp-json\/wp\/v2\/users\/1"}],"replies":[{"embeddable":true,"href":"https:\/\/monserveur.sytes.net\/jeudi\/index.php\/wp-json\/wp\/v2\/comments?post=244"}],"version-history":[{"count":2,"href":"https:\/\/monserveur.sytes.net\/jeudi\/index.php\/wp-json\/wp\/v2\/pages\/244\/revisions"}],"predecessor-version":[{"id":250,"href":"https:\/\/monserveur.sytes.net\/jeudi\/index.php\/wp-json\/wp\/v2\/pages\/244\/revisions\/250"}],"wp:attachment":[{"href":"https:\/\/monserveur.sytes.net\/jeudi\/index.php\/wp-json\/wp\/v2\/media?parent=244"}],"curies":[{"name":"wp","href":"https:\/\/api.w.org\/{rel}","templated":true}]}}