{"id":254,"date":"2025-12-15T17:03:17","date_gmt":"2025-12-15T16:03:17","guid":{"rendered":"https:\/\/monserveur.sytes.net\/jeudi\/?page_id=254"},"modified":"2025-12-15T17:48:12","modified_gmt":"2025-12-15T16:48:12","slug":"18-12-2025","status":"publish","type":"page","link":"https:\/\/monserveur.sytes.net\/jeudi\/index.php\/18-12-2025\/","title":{"rendered":"18-12-2025"},"content":{"rendered":"\n<p data-aos-anchor-placement=\"top-bottom\" data-aos-delay=\"500\" data-aos-duration=\"1500\" data-aos-easing=\"ease\" data-aos-offset=\"120\" data-aos=\"roll-in\" class=\"is-style-eccp-notice-info\">18 d\u00e9cembre 1737 : Mort de Stradivarius<br>18 d\u00e9cembre 1793 : Fin du si\u00e8ge de Toulon<br>18 d\u00e9cembre 1865 : Abolition de l&rsquo;esclavage aux \u00c9tats-Unis<br>18 d\u00e9cembre 1994 : D\u00e9couverte des peintures pal\u00e9olithiques de Chauvet-Pont d&rsquo;Arc<\/p>\n\n\n\n<p><a href=\"https:\/\/monserveur.sytes.net\/jeudi\/index.php\/2025\/12\/15\/bonne-ou-mauvaise-nouvelle\/\" data-type=\"post\" data-id=\"251\"><strong>Bonne ou mauvaise nouvelle<\/strong><\/a><br><a href=\"https:\/\/monserveur.sytes.net\/jeudi\/index.php\/2025\/12\/15\/une-mysterieuse-application\/\" data-type=\"post\" data-id=\"259\"><strong>Une myst\u00e9rieuse application<\/strong><\/a><\/p>\n\n\n\n<p><\/p>\n","protected":false},"excerpt":{"rendered":"<p>18 d\u00e9cembre 1737 : Mort de Stradivarius18 d\u00e9cembre 1793 : Fin du si\u00e8ge de Toulon18 d\u00e9cembre 1865 : Abolition de l&rsquo;esclavage aux \u00c9tats-Unis18 d\u00e9cembre 1994 : D\u00e9couverte des peintures pal\u00e9olithiques de Chauvet-Pont d&rsquo;Arc Bonne ou mauvaise nouvelleUne myst\u00e9rieuse application<\/p>\n","protected":false},"author":1,"featured_media":0,"parent":0,"menu_order":0,"comment_status":"closed","ping_status":"closed","template":"","meta":{"remove_blocks_before_content":false,"remove_blocks_after_content":false,"disable_reading_progress_bar":false,"_eb_attr":"","footnotes":""},"class_list":["post-254","page","type-page","status-publish","hentry"],"_links":{"self":[{"href":"https:\/\/monserveur.sytes.net\/jeudi\/index.php\/wp-json\/wp\/v2\/pages\/254","targetHints":{"allow":["GET"]}}],"collection":[{"href":"https:\/\/monserveur.sytes.net\/jeudi\/index.php\/wp-json\/wp\/v2\/pages"}],"about":[{"href":"https:\/\/monserveur.sytes.net\/jeudi\/index.php\/wp-json\/wp\/v2\/types\/page"}],"author":[{"embeddable":true,"href":"https:\/\/monserveur.sytes.net\/jeudi\/index.php\/wp-json\/wp\/v2\/users\/1"}],"replies":[{"embeddable":true,"href":"https:\/\/monserveur.sytes.net\/jeudi\/index.php\/wp-json\/wp\/v2\/comments?post=254"}],"version-history":[{"count":2,"href":"https:\/\/monserveur.sytes.net\/jeudi\/index.php\/wp-json\/wp\/v2\/pages\/254\/revisions"}],"predecessor-version":[{"id":262,"href":"https:\/\/monserveur.sytes.net\/jeudi\/index.php\/wp-json\/wp\/v2\/pages\/254\/revisions\/262"}],"wp:attachment":[{"href":"https:\/\/monserveur.sytes.net\/jeudi\/index.php\/wp-json\/wp\/v2\/media?parent=254"}],"curies":[{"name":"wp","href":"https:\/\/api.w.org\/{rel}","templated":true}]}}