{"id":285,"date":"2026-01-21T17:22:57","date_gmt":"2026-01-21T16:22:57","guid":{"rendered":"https:\/\/monserveur.sytes.net\/jeudi\/?page_id=285"},"modified":"2026-01-21T17:22:57","modified_gmt":"2026-01-21T16:22:57","slug":"22-01-2026","status":"publish","type":"page","link":"https:\/\/monserveur.sytes.net\/jeudi\/index.php\/22-01-2026\/","title":{"rendered":"22-01-2026"},"content":{"rendered":"\n<p data-aos-anchor-placement=\"top-bottom\" data-aos-delay=\"500\" data-aos-duration=\"1500\" data-aos-easing=\"ease\" data-aos-offset=\"120\" data-aos=\"roll-in\" class=\"is-style-eccp-notice-info\">22 janvier 1443 : Le roi Charles VII et Jacques C\u0153ur fondent les gal\u00e8res<br>22 janvier 1905 : Dimanche rouge \u00e0 Saint-P\u00e9tersbourg<br>22 janvier 1963 : Trait\u00e9 d&rsquo;amiti\u00e9 franco-allemand ou <em>trait\u00e9 de l&rsquo;\u00c9lys\u00e9e<\/em><\/p>\n\n\n\n<p>V\u00e9rification de la version install\u00e9e de Thunderbird<br>Reprendre la cr\u00e9ation de compte dans Thunderbird<br>Revoir le param\u00e9trage de Thunderbird<\/p>\n","protected":false},"excerpt":{"rendered":"<p>22 janvier 1443 : Le roi Charles VII et Jacques C\u0153ur fondent les gal\u00e8res22 janvier 1905 : Dimanche rouge \u00e0 Saint-P\u00e9tersbourg22 janvier 1963 : Trait\u00e9 d&rsquo;amiti\u00e9 franco-allemand ou trait\u00e9 de l&rsquo;\u00c9lys\u00e9e V\u00e9rification de la version install\u00e9e de ThunderbirdReprendre la cr\u00e9ation de compte dans ThunderbirdRevoir le param\u00e9trage de Thunderbird<\/p>\n","protected":false},"author":1,"featured_media":0,"parent":0,"menu_order":0,"comment_status":"closed","ping_status":"closed","template":"","meta":{"remove_blocks_before_content":false,"remove_blocks_after_content":false,"disable_reading_progress_bar":false,"_eb_attr":"","footnotes":""},"class_list":["post-285","page","type-page","status-publish","hentry"],"_links":{"self":[{"href":"https:\/\/monserveur.sytes.net\/jeudi\/index.php\/wp-json\/wp\/v2\/pages\/285","targetHints":{"allow":["GET"]}}],"collection":[{"href":"https:\/\/monserveur.sytes.net\/jeudi\/index.php\/wp-json\/wp\/v2\/pages"}],"about":[{"href":"https:\/\/monserveur.sytes.net\/jeudi\/index.php\/wp-json\/wp\/v2\/types\/page"}],"author":[{"embeddable":true,"href":"https:\/\/monserveur.sytes.net\/jeudi\/index.php\/wp-json\/wp\/v2\/users\/1"}],"replies":[{"embeddable":true,"href":"https:\/\/monserveur.sytes.net\/jeudi\/index.php\/wp-json\/wp\/v2\/comments?post=285"}],"version-history":[{"count":1,"href":"https:\/\/monserveur.sytes.net\/jeudi\/index.php\/wp-json\/wp\/v2\/pages\/285\/revisions"}],"predecessor-version":[{"id":286,"href":"https:\/\/monserveur.sytes.net\/jeudi\/index.php\/wp-json\/wp\/v2\/pages\/285\/revisions\/286"}],"wp:attachment":[{"href":"https:\/\/monserveur.sytes.net\/jeudi\/index.php\/wp-json\/wp\/v2\/media?parent=285"}],"curies":[{"name":"wp","href":"https:\/\/api.w.org\/{rel}","templated":true}]}}