{"id":36,"date":"2025-09-17T10:55:53","date_gmt":"2025-09-17T08:55:53","guid":{"rendered":"https:\/\/monserveur.sytes.net\/jeudi\/?page_id=36"},"modified":"2026-04-04T15:48:29","modified_gmt":"2026-04-04T13:48:29","slug":"smartphones","status":"publish","type":"page","link":"https:\/\/monserveur.sytes.net\/jeudi\/index.php\/smartphones\/","title":{"rendered":"Smartphones"},"content":{"rendered":"\n<figure class=\"wp-block-image size-thumbnail is-resized eccp-box-shadow eccp-hover-zoom\" style=\"--eccp-horizontalBoxShadow:5;--eccp-verticalBoxShadow:5;--eccp-blurBoxShadow:5;--eccp-spreadBoxShadow:1;--eccp-colorBoxShadow:rgba(0,0,0,0.2);--eccp-cardStyleImageWidth:300;--eccp-customHoverZoom:5\"><img loading=\"lazy\" decoding=\"async\" width=\"150\" height=\"150\" src=\"https:\/\/monserveur.sytes.net\/jeudi\/wp-content\/uploads\/2025\/09\/smartphone-150x150.jpg\" alt=\"\" class=\"wp-image-37\" style=\"width:79px;height:auto\" srcset=\"https:\/\/monserveur.sytes.net\/jeudi\/wp-content\/uploads\/2025\/09\/smartphone-150x150.jpg 150w, https:\/\/monserveur.sytes.net\/jeudi\/wp-content\/uploads\/2025\/09\/smartphone-300x300.jpg 300w, https:\/\/monserveur.sytes.net\/jeudi\/wp-content\/uploads\/2025\/09\/smartphone-405x405.jpg 405w, https:\/\/monserveur.sytes.net\/jeudi\/wp-content\/uploads\/2025\/09\/smartphone.jpg 474w\" sizes=\"auto, (max-width: 150px) 100vw, 150px\" \/><\/figure>\n\n\n\n<figure class=\"wp-block-table is-style-eccp-stripes\" style=\"font-size:clamp(14px, 0.875rem + ((1vw - 3.2px) * 0.078), 15px);\"><table class=\"has-fixed-layout\"><tbody><tr><td><a href=\"https:\/\/monserveur.sytes.net\/jeudi\/index.php\/les-smartphones\/\" data-type=\"page\" data-id=\"315\"><strong>LES SMARTPHONES<\/strong><\/a><\/td><td><\/td><td><\/td><\/tr><tr><td><a href=\"https:\/\/monserveur.sytes.net\/jeudi\/index.php\/2025\/09\/17\/le-protocole-rcs-va-t-il-remplacer-le-sms\/\" data-type=\"post\" data-id=\"40\"><strong>Le protocole RCS va-t-il remplacer le SMS&nbsp;?<\/strong><\/a><\/td><td><a href=\"https:\/\/monserveur.sytes.net\/jeudi\/index.php\/2025\/12\/15\/une-mysterieuse-application\/\" data-type=\"post\" data-id=\"259\"><strong>Une myst\u00e9rieuse application<\/strong><\/a><\/td><td><a href=\"https:\/\/monserveur.sytes.net\/jeudi\/index.php\/2026\/01\/26\/pas-besoin-de-scanner\/\" data-type=\"post\" data-id=\"291\"><strong>Pas besoin de scanner<\/strong><\/a><\/td><\/tr><tr><td><strong><a href=\"https:\/\/monserveur.sytes.net\/jeudi\/index.php\/2025\/09\/17\/ne-pas-laisser-le-chargeur-branche\/\" data-type=\"post\" data-id=\"72\">Ne pas laisser le chargeur branch\u00e9<\/a><\/strong><\/td><td><a href=\"https:\/\/monserveur.sytes.net\/jeudi\/index.php\/2025\/11\/17\/fin-de-la-2g-3g\/\" data-type=\"post\" data-id=\"188\"><strong>Fin de la 2G\/3G<\/strong><\/a><\/td><td><\/td><\/tr><tr><td><a href=\"https:\/\/monserveur.sytes.net\/jeudi\/index.php\/2025\/09\/17\/le-telephone-ne-se-charge-pas\/\" data-type=\"post\" data-id=\"68\"><strong>Le t\u00e9l\u00e9phone ne se charge pas<\/strong><\/a><\/td><td><a href=\"https:\/\/monserveur.sytes.net\/jeudi\/index.php\/2025\/11\/17\/code-puk\/\" data-type=\"post\" data-id=\"184\"><strong>Code PUK<\/strong><\/a><\/td><td><\/td><\/tr><tr><td><a href=\"https:\/\/monserveur.sytes.net\/jeudi\/index.php\/2025\/09\/17\/oublier-ce-geste-courant\/\" data-type=\"post\" data-id=\"76\"><strong>Oublier ce geste courant<\/strong><\/a><\/td><td><a href=\"https:\/\/monserveur.sytes.net\/jeudi\/index.php\/2025\/09\/21\/lisez-bien-les-mails-de-votre-operateur-2\/\" data-type=\"post\" data-id=\"107\"><strong>Lisez bien les mails de votre op\u00e9rateur&nbsp;<\/strong><\/a><\/td><td><\/td><\/tr><tr><td><a href=\"https:\/\/monserveur.sytes.net\/jeudi\/index.php\/2025\/09\/17\/demarrer-votre-telephone-en-mode-sans-echec\/\" data-type=\"post\" data-id=\"80\"><strong>D\u00e9marrer votre t\u00e9l\u00e9phone en mode sans \u00e9chec<\/strong><\/a><\/td><td><a href=\"https:\/\/monserveur.sytes.net\/jeudi\/index.php\/2025\/09\/17\/87\/\" data-type=\"post\" data-id=\"87\"><strong>Comment exporter vos fichiers Google Drive<\/strong><\/a><\/td><td><\/td><\/tr><tr><td><\/td><td><\/td><td><\/td><\/tr><tr><td><\/td><td><\/td><td><\/td><\/tr><tr><td><\/td><td><\/td><td><\/td><\/tr><tr><td><\/td><td><\/td><td><\/td><\/tr><\/tbody><\/table><\/figure>\n\n\n\n<p><\/p>\n","protected":false},"excerpt":{"rendered":"<p>LES SMARTPHONES Le protocole RCS va-t-il remplacer le SMS&nbsp;? Une myst\u00e9rieuse application Pas besoin de scanner Ne pas laisser le chargeur branch\u00e9 Fin de la 2G\/3G Le t\u00e9l\u00e9phone ne se charge pas Code PUK Oublier ce geste courant Lisez bien les mails de votre op\u00e9rateur&nbsp; D\u00e9marrer votre t\u00e9l\u00e9phone en mode sans \u00e9chec Comment exporter vos[\u2026]<\/p>\n","protected":false},"author":1,"featured_media":0,"parent":0,"menu_order":0,"comment_status":"closed","ping_status":"closed","template":"","meta":{"remove_blocks_before_content":false,"remove_blocks_after_content":false,"disable_reading_progress_bar":false,"_eb_attr":"","footnotes":""},"class_list":["post-36","page","type-page","status-publish","hentry"],"_links":{"self":[{"href":"https:\/\/monserveur.sytes.net\/jeudi\/index.php\/wp-json\/wp\/v2\/pages\/36","targetHints":{"allow":["GET"]}}],"collection":[{"href":"https:\/\/monserveur.sytes.net\/jeudi\/index.php\/wp-json\/wp\/v2\/pages"}],"about":[{"href":"https:\/\/monserveur.sytes.net\/jeudi\/index.php\/wp-json\/wp\/v2\/types\/page"}],"author":[{"embeddable":true,"href":"https:\/\/monserveur.sytes.net\/jeudi\/index.php\/wp-json\/wp\/v2\/users\/1"}],"replies":[{"embeddable":true,"href":"https:\/\/monserveur.sytes.net\/jeudi\/index.php\/wp-json\/wp\/v2\/comments?post=36"}],"version-history":[{"count":15,"href":"https:\/\/monserveur.sytes.net\/jeudi\/index.php\/wp-json\/wp\/v2\/pages\/36\/revisions"}],"predecessor-version":[{"id":330,"href":"https:\/\/monserveur.sytes.net\/jeudi\/index.php\/wp-json\/wp\/v2\/pages\/36\/revisions\/330"}],"wp:attachment":[{"href":"https:\/\/monserveur.sytes.net\/jeudi\/index.php\/wp-json\/wp\/v2\/media?parent=36"}],"curies":[{"name":"wp","href":"https:\/\/api.w.org\/{rel}","templated":true}]}}