{"id":464,"date":"2026-04-29T16:50:28","date_gmt":"2026-04-29T14:50:28","guid":{"rendered":"https:\/\/monserveur.sytes.net\/jeudi\/?page_id=464"},"modified":"2026-04-29T17:15:23","modified_gmt":"2026-04-29T15:15:23","slug":"30-04-2026","status":"publish","type":"page","link":"https:\/\/monserveur.sytes.net\/jeudi\/index.php\/30-04-2026\/","title":{"rendered":"30-04-2026"},"content":{"rendered":"\n<p data-aos-anchor-placement=\"top-bottom\" data-aos-delay=\"500\" data-aos-duration=\"400\" data-aos-easing=\"ease\" data-aos-offset=\"120\" data-aos=\"roll-in\" class=\"is-style-eccp-notice-info\"><strong>30 avril 1598 : L&rsquo;\u00c9dit de Nantes<br>30 avril 1863 : La L\u00e9gion r\u00e9siste \u00e0 Camerone<br>30 avril 1945 : Suicide d&rsquo;Hitler<br>30 avril 1975 : Capitulation du Sud-Vietnam<\/strong><\/p>\n\n\n\n<p>Les Smartphones<br>Suite&#8230;. <strong><a href=\"https:\/\/monserveur.sytes.net\/jeudi\/index.php\/2026\/04\/04\/smartphones-et-tablettes-mise-en-route-et-configuration-2\/\" data-type=\"post\" data-id=\"345\">\u00c9tape 2 \u2013 Se familiariser avec l\u2019\u00e9cran d\u2019accueil<\/a><\/strong><\/p>\n\n\n\n<p><\/p>\n","protected":false},"excerpt":{"rendered":"<p>30 avril 1598 : L&rsquo;\u00c9dit de Nantes30 avril 1863 : La L\u00e9gion r\u00e9siste \u00e0 Camerone30 avril 1945 : Suicide d&rsquo;Hitler30 avril 1975 : Capitulation du Sud-Vietnam Les SmartphonesSuite&#8230;.<br \/> \u00c9tape 2 \u2013 Se familiariser avec l\u2019\u00e9cran d\u2019accueil<\/p>\n","protected":false},"author":1,"featured_media":0,"parent":0,"menu_order":0,"comment_status":"closed","ping_status":"closed","template":"","meta":{"remove_blocks_before_content":false,"remove_blocks_after_content":false,"disable_reading_progress_bar":false,"_eb_attr":"","footnotes":""},"class_list":["post-464","page","type-page","status-publish","hentry"],"_links":{"self":[{"href":"https:\/\/monserveur.sytes.net\/jeudi\/index.php\/wp-json\/wp\/v2\/pages\/464","targetHints":{"allow":["GET"]}}],"collection":[{"href":"https:\/\/monserveur.sytes.net\/jeudi\/index.php\/wp-json\/wp\/v2\/pages"}],"about":[{"href":"https:\/\/monserveur.sytes.net\/jeudi\/index.php\/wp-json\/wp\/v2\/types\/page"}],"author":[{"embeddable":true,"href":"https:\/\/monserveur.sytes.net\/jeudi\/index.php\/wp-json\/wp\/v2\/users\/1"}],"replies":[{"embeddable":true,"href":"https:\/\/monserveur.sytes.net\/jeudi\/index.php\/wp-json\/wp\/v2\/comments?post=464"}],"version-history":[{"count":5,"href":"https:\/\/monserveur.sytes.net\/jeudi\/index.php\/wp-json\/wp\/v2\/pages\/464\/revisions"}],"predecessor-version":[{"id":472,"href":"https:\/\/monserveur.sytes.net\/jeudi\/index.php\/wp-json\/wp\/v2\/pages\/464\/revisions\/472"}],"wp:attachment":[{"href":"https:\/\/monserveur.sytes.net\/jeudi\/index.php\/wp-json\/wp\/v2\/media?parent=464"}],"curies":[{"name":"wp","href":"https:\/\/api.w.org\/{rel}","templated":true}]}}