{"id":118,"date":"2025-09-17T11:08:35","date_gmt":"2025-09-17T09:08:35","guid":{"rendered":"https:\/\/monserveur.sytes.net\/mardi\/?page_id=118"},"modified":"2026-01-26T19:03:25","modified_gmt":"2026-01-26T18:03:25","slug":"smartphones","status":"publish","type":"page","link":"https:\/\/monserveur.sytes.net\/mardi\/index.php\/smartphones\/","title":{"rendered":"Smartphones"},"content":{"rendered":"\n<figure class=\"wp-block-image size-thumbnail is-resized\"><img loading=\"lazy\" decoding=\"async\" width=\"150\" height=\"150\" src=\"https:\/\/monserveur.sytes.net\/mardi\/wp-content\/uploads\/2025\/09\/smartphone-150x150.jpg\" alt=\"Smartphone\" class=\"wp-image-119\" style=\"width:98px;height:auto\" srcset=\"https:\/\/monserveur.sytes.net\/mardi\/wp-content\/uploads\/2025\/09\/smartphone-150x150.jpg 150w, https:\/\/monserveur.sytes.net\/mardi\/wp-content\/uploads\/2025\/09\/smartphone-300x300.jpg 300w, https:\/\/monserveur.sytes.net\/mardi\/wp-content\/uploads\/2025\/09\/smartphone-405x405.jpg 405w, https:\/\/monserveur.sytes.net\/mardi\/wp-content\/uploads\/2025\/09\/smartphone.jpg 474w\" sizes=\"auto, (max-width: 150px) 100vw, 150px\" \/><\/figure>\n\n\n\n<figure class=\"wp-block-table is-style-eccp-stripes\" style=\"font-size:clamp(14px, 0.875rem + ((1vw - 3.2px) * 0.078), 15px);\"><table class=\"has-fixed-layout\"><tbody><tr><td><a href=\"https:\/\/monserveur.sytes.net\/mardi\/index.php\/2025\/09\/17\/le-protocole-rcs-va-t-il-remplacer-le-sms\/\"><strong>Le protocole RCS va-t-il remplacer le SMS&nbsp;?<\/strong><\/a><\/td><td><a href=\"https:\/\/monserveur.sytes.net\/mardi\/index.php\/2025\/12\/15\/une-mysterieuse-application\/\" data-type=\"post\" data-id=\"322\"><strong>Une myst\u00e9rieuse application<\/strong><\/a><\/td><td><a href=\"https:\/\/monserveur.sytes.net\/mardi\/index.php\/2026\/01\/26\/pas-besoin-de-scanner\/\" data-type=\"post\" data-id=\"353\"><strong>Pas besoin de scanner<\/strong><\/a><\/td><\/tr><tr><td><a href=\"https:\/\/monserveur.sytes.net\/mardi\/index.php\/2025\/09\/21\/ne-pas-laisser-le-chargeur-branche\/\"><strong>Ne pas laisser le chargeur branch\u00e9<\/strong><\/a><\/td><td><\/td><td><\/td><\/tr><tr><td><a href=\"https:\/\/monserveur.sytes.net\/mardi\/index.php\/2025\/09\/21\/le-telephone-ne-se-charge-pas\/\"><strong>Le t\u00e9l\u00e9phone ne se charge pas<\/strong><\/a><\/td><td><\/td><td><\/td><\/tr><tr><td><a href=\"https:\/\/monserveur.sytes.net\/mardi\/index.php\/2025\/09\/21\/oubliez-ce-geste-courant\/\"><strong>Oubliez ce geste courant<\/strong><\/a><\/td><td><\/td><td><\/td><\/tr><tr><td><a href=\"https:\/\/monserveur.sytes.net\/mardi\/index.php\/2025\/09\/21\/comment-exporter-vos-fichiers-google-drive\/\"><strong>Comment exporter vos fichiers Google Drive<\/strong><\/a><\/td><td><\/td><td><\/td><\/tr><tr><td><a href=\"https:\/\/monserveur.sytes.net\/mardi\/index.php\/2025\/09\/21\/demarrer-votre-telephone-en-mode-sans-echec\/\"><strong>D\u00e9marrer votre t\u00e9l\u00e9phone en mode sans \u00e9chec<\/strong><\/a><\/td><td><\/td><td><\/td><\/tr><tr><td><a href=\"https:\/\/monserveur.sytes.net\/mardi\/index.php\/2025\/09\/21\/lisez-bien-les-mails-de-votre-operateur\/\"><strong>Lisez bien les mails de votre op\u00e9rateur<\/strong><\/a><\/td><td><\/td><td><\/td><\/tr><tr><td><a href=\"https:\/\/monserveur.sytes.net\/mardi\/index.php\/2025\/11\/17\/code-puk\/\"><strong>Code PUK<\/strong><\/a><\/td><td><\/td><td><\/td><\/tr><tr><td><a href=\"https:\/\/monserveur.sytes.net\/mardi\/index.php\/2025\/11\/17\/fin-de-la-2g-3g\/\"><strong>Fin de la 2G\/3G<\/strong><\/a><\/td><td><\/td><td><\/td><\/tr><\/tbody><\/table><\/figure>\n\n\n\n<p><\/p>\n","protected":false},"excerpt":{"rendered":"<p>Le protocole RCS va-t-il remplacer le SMS&nbsp;? Une myst\u00e9rieuse application Pas besoin de scanner Ne pas laisser le chargeur branch\u00e9 Le t\u00e9l\u00e9phone ne se charge pas Oubliez ce geste courant Comment exporter vos fichiers Google Drive D\u00e9marrer votre t\u00e9l\u00e9phone en mode sans \u00e9chec Lisez bien les mails de votre op\u00e9rateur Code PUK Fin de la[\u2026]<\/p>\n","protected":false},"author":1,"featured_media":0,"parent":0,"menu_order":0,"comment_status":"closed","ping_status":"closed","template":"","meta":{"remove_blocks_before_content":false,"remove_blocks_after_content":false,"disable_reading_progress_bar":false,"_eb_attr":"","footnotes":""},"class_list":["post-118","page","type-page","status-publish","hentry"],"_links":{"self":[{"href":"https:\/\/monserveur.sytes.net\/mardi\/index.php\/wp-json\/wp\/v2\/pages\/118","targetHints":{"allow":["GET"]}}],"collection":[{"href":"https:\/\/monserveur.sytes.net\/mardi\/index.php\/wp-json\/wp\/v2\/pages"}],"about":[{"href":"https:\/\/monserveur.sytes.net\/mardi\/index.php\/wp-json\/wp\/v2\/types\/page"}],"author":[{"embeddable":true,"href":"https:\/\/monserveur.sytes.net\/mardi\/index.php\/wp-json\/wp\/v2\/users\/1"}],"replies":[{"embeddable":true,"href":"https:\/\/monserveur.sytes.net\/mardi\/index.php\/wp-json\/wp\/v2\/comments?post=118"}],"version-history":[{"count":12,"href":"https:\/\/monserveur.sytes.net\/mardi\/index.php\/wp-json\/wp\/v2\/pages\/118\/revisions"}],"predecessor-version":[{"id":358,"href":"https:\/\/monserveur.sytes.net\/mardi\/index.php\/wp-json\/wp\/v2\/pages\/118\/revisions\/358"}],"wp:attachment":[{"href":"https:\/\/monserveur.sytes.net\/mardi\/index.php\/wp-json\/wp\/v2\/media?parent=118"}],"curies":[{"name":"wp","href":"https:\/\/api.w.org\/{rel}","templated":true}]}}