{"id":164,"date":"2025-09-21T18:22:02","date_gmt":"2025-09-21T16:22:02","guid":{"rendered":"https:\/\/monserveur.sytes.net\/mardi\/?page_id=164"},"modified":"2026-01-02T18:26:25","modified_gmt":"2026-01-02T17:26:25","slug":"windows","status":"publish","type":"page","link":"https:\/\/monserveur.sytes.net\/mardi\/index.php\/windows\/","title":{"rendered":"WINDOWS"},"content":{"rendered":"\n<figure class=\"wp-block-image size-thumbnail is-resized\"><img loading=\"lazy\" decoding=\"async\" width=\"150\" height=\"150\" src=\"https:\/\/monserveur.sytes.net\/mardi\/wp-content\/uploads\/2025\/09\/Pc-150x150.webp\" alt=\"Pc\" class=\"wp-image-165\" style=\"width:87px;height:auto\"\/><\/figure>\n\n\n\n<p><a href=\"https:\/\/monserveur.sytes.net\/mardi\/index.php\/2026\/01\/02\/windows-10-apres-2025\/\" data-type=\"post\" data-id=\"331\"><strong>Windows 10 apr\u00e8s 2025<\/strong><\/a><br><a href=\"https:\/\/monserveur.sytes.net\/mardi\/index.php\/2025\/11\/16\/microsoft-resout-le-bug-dinscription-au-programme-esu\/\" data-type=\"post\" data-id=\"238\"><strong>Microsoft r\u00e9sout le bug d\u2019inscription au programme ESU<\/strong><\/a><br><a href=\"https:\/\/monserveur.sytes.net\/mardi\/index.php\/2025\/10\/30\/vider-votre-cache-de-mise-a-jour-sur-windows\/\" data-type=\"post\" data-id=\"202\"><strong>Vider votre cache de mise \u00e0 jour sur Windows<\/strong><\/a><br><a href=\"https:\/\/monserveur.sytes.net\/mardi\/index.php\/2025\/11\/29\/cloner-un-disque-dur\/\" data-type=\"post\" data-id=\"294\"><strong>Cloner un disque dur<\/strong><\/a><br><a href=\"https:\/\/monserveur.sytes.net\/mardi\/index.php\/2025\/12\/08\/recuperer-votre-cle-windows\/\" data-type=\"post\" data-id=\"307\"><strong>R\u00e9cup\u00e9rer votre cl\u00e9 Windows<\/strong><\/a><\/p>\n\n\n\n<p><\/p>\n","protected":false},"excerpt":{"rendered":"<p>Windows 10 apr\u00e8s 2025Microsoft r\u00e9sout le bug d\u2019inscription au programme ESUVider votre cache de mise \u00e0 jour sur WindowsCloner un disque durR\u00e9cup\u00e9rer votre cl\u00e9 Windows<\/p>\n","protected":false},"author":1,"featured_media":0,"parent":0,"menu_order":0,"comment_status":"closed","ping_status":"closed","template":"","meta":{"remove_blocks_before_content":false,"remove_blocks_after_content":false,"disable_reading_progress_bar":false,"_eb_attr":"","footnotes":""},"class_list":["post-164","page","type-page","status-publish","hentry"],"_links":{"self":[{"href":"https:\/\/monserveur.sytes.net\/mardi\/index.php\/wp-json\/wp\/v2\/pages\/164","targetHints":{"allow":["GET"]}}],"collection":[{"href":"https:\/\/monserveur.sytes.net\/mardi\/index.php\/wp-json\/wp\/v2\/pages"}],"about":[{"href":"https:\/\/monserveur.sytes.net\/mardi\/index.php\/wp-json\/wp\/v2\/types\/page"}],"author":[{"embeddable":true,"href":"https:\/\/monserveur.sytes.net\/mardi\/index.php\/wp-json\/wp\/v2\/users\/1"}],"replies":[{"embeddable":true,"href":"https:\/\/monserveur.sytes.net\/mardi\/index.php\/wp-json\/wp\/v2\/comments?post=164"}],"version-history":[{"count":6,"href":"https:\/\/monserveur.sytes.net\/mardi\/index.php\/wp-json\/wp\/v2\/pages\/164\/revisions"}],"predecessor-version":[{"id":335,"href":"https:\/\/monserveur.sytes.net\/mardi\/index.php\/wp-json\/wp\/v2\/pages\/164\/revisions\/335"}],"wp:attachment":[{"href":"https:\/\/monserveur.sytes.net\/mardi\/index.php\/wp-json\/wp\/v2\/media?parent=164"}],"curies":[{"name":"wp","href":"https:\/\/api.w.org\/{rel}","templated":true}]}}