{"id":249,"date":"2025-11-17T15:34:29","date_gmt":"2025-11-17T14:34:29","guid":{"rendered":"https:\/\/monserveur.sytes.net\/mardi\/?page_id=249"},"modified":"2025-11-26T16:36:55","modified_gmt":"2025-11-26T15:36:55","slug":"25-11-2025","status":"publish","type":"page","link":"https:\/\/monserveur.sytes.net\/mardi\/index.php\/25-11-2025\/","title":{"rendered":"25-11-2025"},"content":{"rendered":"\n<p data-aos-anchor-placement=\"top-bottom\" data-aos-delay=\"1000\" data-aos-duration=\"1500\" data-aos-easing=\"ease\" data-aos-offset=\"120\" data-aos=\"roll-in\" class=\"is-style-eccp-notice-info\">25 novembre 1120 : Naufrage de la <em>Blanche Nef<\/em><br>25 novembre 1174 : Saladin unifie les pays arabes<br>25 novembre 1177 : Baudouin IV d\u00e9fait Saladin \u00e0 Montgisard<br>25 novembre 1510 : Albuquerque conquiert Goa<br>25 novembre 1936 : Pacte anti-sovi\u00e9tique nippo-allemand<br>25 novembre 1944 : Les Alli\u00e9s d\u00e9couvrent le camp du Struthof<\/p>\n\n\n\n<p><a href=\"https:\/\/monserveur.sytes.net\/mardi\/index.php\/2025\/11\/17\/code-puk\/\" data-type=\"post\" data-id=\"244\"><strong>Code PUK<\/strong><\/a><br><a href=\"https:\/\/monserveur.sytes.net\/mardi\/index.php\/2025\/11\/17\/fin-de-la-2g-3g\/\" data-type=\"post\" data-id=\"253\"><strong>Fin de la 2G\/3G<\/strong><\/a><br><\/p>\n","protected":false},"excerpt":{"rendered":"<p>25 novembre 1120 : Naufrage de la Blanche Nef25 novembre 1174 : Saladin unifie les pays arabes25 novembre 1177 : Baudouin IV d\u00e9fait Saladin \u00e0 Montgisard25 novembre 1510 : Albuquerque conquiert Goa25 novembre 1936 : Pacte anti-sovi\u00e9tique nippo-allemand25 novembre 1944 : Les Alli\u00e9s d\u00e9couvrent le camp du Struthof Code PUKFin de la 2G\/3G<\/p>\n","protected":false},"author":1,"featured_media":0,"parent":0,"menu_order":0,"comment_status":"closed","ping_status":"closed","template":"","meta":{"remove_blocks_before_content":false,"remove_blocks_after_content":false,"disable_reading_progress_bar":false,"_eb_attr":"","footnotes":""},"class_list":["post-249","page","type-page","status-publish","hentry"],"_links":{"self":[{"href":"https:\/\/monserveur.sytes.net\/mardi\/index.php\/wp-json\/wp\/v2\/pages\/249","targetHints":{"allow":["GET"]}}],"collection":[{"href":"https:\/\/monserveur.sytes.net\/mardi\/index.php\/wp-json\/wp\/v2\/pages"}],"about":[{"href":"https:\/\/monserveur.sytes.net\/mardi\/index.php\/wp-json\/wp\/v2\/types\/page"}],"author":[{"embeddable":true,"href":"https:\/\/monserveur.sytes.net\/mardi\/index.php\/wp-json\/wp\/v2\/users\/1"}],"replies":[{"embeddable":true,"href":"https:\/\/monserveur.sytes.net\/mardi\/index.php\/wp-json\/wp\/v2\/comments?post=249"}],"version-history":[{"count":5,"href":"https:\/\/monserveur.sytes.net\/mardi\/index.php\/wp-json\/wp\/v2\/pages\/249\/revisions"}],"predecessor-version":[{"id":280,"href":"https:\/\/monserveur.sytes.net\/mardi\/index.php\/wp-json\/wp\/v2\/pages\/249\/revisions\/280"}],"wp:attachment":[{"href":"https:\/\/monserveur.sytes.net\/mardi\/index.php\/wp-json\/wp\/v2\/media?parent=249"}],"curies":[{"name":"wp","href":"https:\/\/api.w.org\/{rel}","templated":true}]}}