{"id":273,"date":"2025-11-19T18:31:29","date_gmt":"2025-11-19T17:31:29","guid":{"rendered":"https:\/\/monserveur.sytes.net\/mardi\/?page_id=273"},"modified":"2025-12-03T17:37:53","modified_gmt":"2025-12-03T16:37:53","slug":"02-12-2025","status":"publish","type":"page","link":"https:\/\/monserveur.sytes.net\/mardi\/index.php\/02-12-2025\/","title":{"rendered":"02-12-2025"},"content":{"rendered":"\n<p data-aos-anchor-placement=\"top-bottom\" data-aos-delay=\"1000\" data-aos-duration=\"1500\" data-aos-easing=\"ease\" data-aos-offset=\"120\" data-aos=\"roll-in\" class=\"is-style-eccp-notice-info\">2 d\u00e9cembre 1804 : Sacre de Napol\u00e9on Ier<br>2 d\u00e9cembre 1805 : Napol\u00e9on triomphe au soleil d&rsquo;Austerlitz<br>2 d\u00e9cembre 1852 : Louis-Napol\u00e9on devient Napol\u00e9on III<br>2 d\u00e9cembre 1954 : Liquidation du maccarthysme<br>2 d\u00e9cembre 1959 : Catastrophe de Malpasset<br>2 d\u00e9cembre 1984 : Catastrophe industrielle de Bhopal<\/p>\n\n\n\n<p><a href=\"https:\/\/monserveur.sytes.net\/mardi\/index.php\/2025\/12\/03\/les-systemes-dexploitation\/\" data-type=\"post\" data-id=\"301\"><strong>Les Syst\u00e8mes d\u2019Exploitation<\/strong><\/a><\/p>\n","protected":false},"excerpt":{"rendered":"<p>2 d\u00e9cembre 1804 : Sacre de Napol\u00e9on Ier2 d\u00e9cembre 1805 : Napol\u00e9on triomphe au soleil d&rsquo;Austerlitz2 d\u00e9cembre 1852 : Louis-Napol\u00e9on devient Napol\u00e9on III2 d\u00e9cembre 1954 : Liquidation du maccarthysme2 d\u00e9cembre 1959 : Catastrophe de Malpasset2 d\u00e9cembre 1984 : Catastrophe industrielle de Bhopal Les Syst\u00e8mes d\u2019Exploitation<\/p>\n","protected":false},"author":1,"featured_media":0,"parent":0,"menu_order":0,"comment_status":"closed","ping_status":"closed","template":"","meta":{"remove_blocks_before_content":false,"remove_blocks_after_content":false,"disable_reading_progress_bar":false,"_eb_attr":"","footnotes":""},"class_list":["post-273","page","type-page","status-publish","hentry"],"_links":{"self":[{"href":"https:\/\/monserveur.sytes.net\/mardi\/index.php\/wp-json\/wp\/v2\/pages\/273","targetHints":{"allow":["GET"]}}],"collection":[{"href":"https:\/\/monserveur.sytes.net\/mardi\/index.php\/wp-json\/wp\/v2\/pages"}],"about":[{"href":"https:\/\/monserveur.sytes.net\/mardi\/index.php\/wp-json\/wp\/v2\/types\/page"}],"author":[{"embeddable":true,"href":"https:\/\/monserveur.sytes.net\/mardi\/index.php\/wp-json\/wp\/v2\/users\/1"}],"replies":[{"embeddable":true,"href":"https:\/\/monserveur.sytes.net\/mardi\/index.php\/wp-json\/wp\/v2\/comments?post=273"}],"version-history":[{"count":5,"href":"https:\/\/monserveur.sytes.net\/mardi\/index.php\/wp-json\/wp\/v2\/pages\/273\/revisions"}],"predecessor-version":[{"id":306,"href":"https:\/\/monserveur.sytes.net\/mardi\/index.php\/wp-json\/wp\/v2\/pages\/273\/revisions\/306"}],"wp:attachment":[{"href":"https:\/\/monserveur.sytes.net\/mardi\/index.php\/wp-json\/wp\/v2\/media?parent=273"}],"curies":[{"name":"wp","href":"https:\/\/api.w.org\/{rel}","templated":true}]}}