{"id":297,"date":"2025-11-29T22:01:33","date_gmt":"2025-11-29T21:01:33","guid":{"rendered":"https:\/\/monserveur.sytes.net\/mardi\/?page_id=297"},"modified":"2025-12-08T18:39:53","modified_gmt":"2025-12-08T17:39:53","slug":"09-12-2025","status":"publish","type":"page","link":"https:\/\/monserveur.sytes.net\/mardi\/index.php\/09-12-2025\/","title":{"rendered":"09-12-2025"},"content":{"rendered":"\n<p data-aos-anchor-placement=\"top-bottom\" data-aos-delay=\"500\" data-aos-duration=\"1500\" data-aos-easing=\"ease\" data-aos-offset=\"120\" data-aos=\"roll-in\" class=\"is-style-eccp-notice-info\">9 d\u00e9cembre 536 : B\u00e9lisaire s&#8217;empare de Rome<br>9 d\u00e9cembre 1905 : S\u00e9paration des \u00c9glises et de l&rsquo;\u00c9tat<br>9 d\u00e9cembre 1955 : Adoption du drapeau europ\u00e9en<br>9 d\u00e9cembre 1998 : Une femme \u00e0 la t\u00eate de la Suisse<\/p>\n\n\n\n<p><a href=\"https:\/\/monserveur.sytes.net\/mardi\/index.php\/2025\/12\/08\/recuperer-votre-cle-windows\/\" data-type=\"post\" data-id=\"307\"><strong>R\u00e9cup\u00e9rer votre cl\u00e9 Windows<\/strong><\/a><br><a href=\"https:\/\/monserveur.sytes.net\/mardi\/index.php\/2025\/11\/29\/cloner-un-disque-dur\/\" data-type=\"post\" data-id=\"294\"><strong>Cloner un disque dur<\/strong><\/a><br><a href=\"https:\/\/monserveur.sytes.net\/mardi\/index.php\/2025\/11\/26\/de-faux-sites-dinfos-regionales\/\" data-type=\"post\" data-id=\"286\"><strong>De faux sites d\u2019infos r\u00e9gionales<\/strong><\/a><br><a href=\"https:\/\/monserveur.sytes.net\/mardi\/index.php\/2025\/11\/19\/codes-secrets-android\/\" data-type=\"post\" data-id=\"268\"><strong>Codes secrets Android<\/strong><\/a><br><a href=\"https:\/\/monserveur.sytes.net\/mardi\/index.php\/2025\/11\/19\/localisation\/\" data-type=\"post\" data-id=\"262\"><strong>Localisation<\/strong><\/a><\/p>\n\n\n\n<p><\/p>\n","protected":false},"excerpt":{"rendered":"<p>9 d\u00e9cembre 536 : B\u00e9lisaire s&#8217;empare de Rome9 d\u00e9cembre 1905 : S\u00e9paration des \u00c9glises et de l&rsquo;\u00c9tat9 d\u00e9cembre 1955 : Adoption du drapeau europ\u00e9en9 d\u00e9cembre 1998 : Une femme \u00e0 la t\u00eate de la Suisse R\u00e9cup\u00e9rer votre cl\u00e9 WindowsCloner un disque durDe faux sites d\u2019infos r\u00e9gionalesCodes secrets AndroidLocalisation<\/p>\n","protected":false},"author":1,"featured_media":0,"parent":0,"menu_order":0,"comment_status":"closed","ping_status":"closed","template":"","meta":{"remove_blocks_before_content":false,"remove_blocks_after_content":false,"disable_reading_progress_bar":false,"_eb_attr":"","footnotes":""},"class_list":["post-297","page","type-page","status-publish","hentry"],"_links":{"self":[{"href":"https:\/\/monserveur.sytes.net\/mardi\/index.php\/wp-json\/wp\/v2\/pages\/297","targetHints":{"allow":["GET"]}}],"collection":[{"href":"https:\/\/monserveur.sytes.net\/mardi\/index.php\/wp-json\/wp\/v2\/pages"}],"about":[{"href":"https:\/\/monserveur.sytes.net\/mardi\/index.php\/wp-json\/wp\/v2\/types\/page"}],"author":[{"embeddable":true,"href":"https:\/\/monserveur.sytes.net\/mardi\/index.php\/wp-json\/wp\/v2\/users\/1"}],"replies":[{"embeddable":true,"href":"https:\/\/monserveur.sytes.net\/mardi\/index.php\/wp-json\/wp\/v2\/comments?post=297"}],"version-history":[{"count":4,"href":"https:\/\/monserveur.sytes.net\/mardi\/index.php\/wp-json\/wp\/v2\/pages\/297\/revisions"}],"predecessor-version":[{"id":309,"href":"https:\/\/monserveur.sytes.net\/mardi\/index.php\/wp-json\/wp\/v2\/pages\/297\/revisions\/309"}],"wp:attachment":[{"href":"https:\/\/monserveur.sytes.net\/mardi\/index.php\/wp-json\/wp\/v2\/media?parent=297"}],"curies":[{"name":"wp","href":"https:\/\/api.w.org\/{rel}","templated":true}]}}