{"id":345,"date":"2026-01-21T16:08:05","date_gmt":"2026-01-21T15:08:05","guid":{"rendered":"https:\/\/monserveur.sytes.net\/mardi\/?page_id=345"},"modified":"2026-01-21T16:08:05","modified_gmt":"2026-01-21T15:08:05","slug":"20-01-2026","status":"publish","type":"page","link":"https:\/\/monserveur.sytes.net\/mardi\/index.php\/20-01-2026\/","title":{"rendered":"20-01-2026"},"content":{"rendered":"\n<p>Cr\u00e9ation d&rsquo;un compte dans Thunderbird<br>Commencer la configuration de Thunderbird<br>&#8211; v\u00e9rification de la version de Thunderbir<\/p>\n\n\n\n<p><strong>\u00c0 faire pour la semaine prochaine (27-01-2026)<\/strong><br>&#8211; Cr\u00e9er une boite mail avec Gmail pour pouvoir l&rsquo;inclure dans Thunderbird pendant le cours<\/p>\n\n\n\n<p><\/p>\n","protected":false},"excerpt":{"rendered":"<p>Cr\u00e9ation d&rsquo;un compte dans ThunderbirdCommencer la configuration de Thunderbird&#8211; v\u00e9rification de la version de Thunderbir \u00c0 faire pour la semaine prochaine (27-01-2026)&#8211; Cr\u00e9er une boite mail avec Gmail pour pouvoir l&rsquo;inclure dans Thunderbird pendant le cours<\/p>\n","protected":false},"author":1,"featured_media":0,"parent":0,"menu_order":0,"comment_status":"closed","ping_status":"closed","template":"","meta":{"remove_blocks_before_content":false,"remove_blocks_after_content":false,"disable_reading_progress_bar":false,"_eb_attr":"","footnotes":""},"class_list":["post-345","page","type-page","status-publish","hentry"],"_links":{"self":[{"href":"https:\/\/monserveur.sytes.net\/mardi\/index.php\/wp-json\/wp\/v2\/pages\/345","targetHints":{"allow":["GET"]}}],"collection":[{"href":"https:\/\/monserveur.sytes.net\/mardi\/index.php\/wp-json\/wp\/v2\/pages"}],"about":[{"href":"https:\/\/monserveur.sytes.net\/mardi\/index.php\/wp-json\/wp\/v2\/types\/page"}],"author":[{"embeddable":true,"href":"https:\/\/monserveur.sytes.net\/mardi\/index.php\/wp-json\/wp\/v2\/users\/1"}],"replies":[{"embeddable":true,"href":"https:\/\/monserveur.sytes.net\/mardi\/index.php\/wp-json\/wp\/v2\/comments?post=345"}],"version-history":[{"count":1,"href":"https:\/\/monserveur.sytes.net\/mardi\/index.php\/wp-json\/wp\/v2\/pages\/345\/revisions"}],"predecessor-version":[{"id":346,"href":"https:\/\/monserveur.sytes.net\/mardi\/index.php\/wp-json\/wp\/v2\/pages\/345\/revisions\/346"}],"wp:attachment":[{"href":"https:\/\/monserveur.sytes.net\/mardi\/index.php\/wp-json\/wp\/v2\/media?parent=345"}],"curies":[{"name":"wp","href":"https:\/\/api.w.org\/{rel}","templated":true}]}}