{"id":367,"date":"2026-03-25T15:50:49","date_gmt":"2026-03-25T14:50:49","guid":{"rendered":"https:\/\/monserveur.sytes.net\/mardi\/?page_id=367"},"modified":"2026-03-25T15:50:49","modified_gmt":"2026-03-25T14:50:49","slug":"31-03-2026","status":"publish","type":"page","link":"https:\/\/monserveur.sytes.net\/mardi\/index.php\/31-03-2026\/","title":{"rendered":"31-03-2026"},"content":{"rendered":"\n<p style=\"text-decoration:underline\">Param\u00e9trage Windows 11<\/p>\n\n\n\n<p style=\"line-height:0.3\"><br>Syst\u00e8me &#8212; R\u00e9cup\u00e9ration<\/p>\n\n\n\n<p><\/p>\n","protected":false},"excerpt":{"rendered":"<p>Param\u00e9trage Windows 11 Syst\u00e8me &#8212; R\u00e9cup\u00e9ration<\/p>\n","protected":false},"author":1,"featured_media":0,"parent":0,"menu_order":0,"comment_status":"closed","ping_status":"closed","template":"","meta":{"remove_blocks_before_content":false,"remove_blocks_after_content":false,"disable_reading_progress_bar":false,"_eb_attr":"","footnotes":""},"class_list":["post-367","page","type-page","status-publish","hentry"],"_links":{"self":[{"href":"https:\/\/monserveur.sytes.net\/mardi\/index.php\/wp-json\/wp\/v2\/pages\/367","targetHints":{"allow":["GET"]}}],"collection":[{"href":"https:\/\/monserveur.sytes.net\/mardi\/index.php\/wp-json\/wp\/v2\/pages"}],"about":[{"href":"https:\/\/monserveur.sytes.net\/mardi\/index.php\/wp-json\/wp\/v2\/types\/page"}],"author":[{"embeddable":true,"href":"https:\/\/monserveur.sytes.net\/mardi\/index.php\/wp-json\/wp\/v2\/users\/1"}],"replies":[{"embeddable":true,"href":"https:\/\/monserveur.sytes.net\/mardi\/index.php\/wp-json\/wp\/v2\/comments?post=367"}],"version-history":[{"count":1,"href":"https:\/\/monserveur.sytes.net\/mardi\/index.php\/wp-json\/wp\/v2\/pages\/367\/revisions"}],"predecessor-version":[{"id":368,"href":"https:\/\/monserveur.sytes.net\/mardi\/index.php\/wp-json\/wp\/v2\/pages\/367\/revisions\/368"}],"wp:attachment":[{"href":"https:\/\/monserveur.sytes.net\/mardi\/index.php\/wp-json\/wp\/v2\/media?parent=367"}],"curies":[{"name":"wp","href":"https:\/\/api.w.org\/{rel}","templated":true}]}}